{"id":103,"date":"2022-11-26T17:30:22","date_gmt":"2022-11-26T16:30:22","guid":{"rendered":"https:\/\/skywalls.fr\/?post_type=product&#038;p=103"},"modified":"2025-09-25T21:59:35","modified_gmt":"2025-09-25T19:59:35","slug":"carnet-tribu","status":"publish","type":"product","link":"https:\/\/skywalls.fr\/index.php\/produit\/carnet-tribu\/","title":{"rendered":"PASS 10 ENTR\u00c9ES"},"content":{"rendered":"\t\t<div data-elementor-type=\"wp-post\" data-elementor-id=\"103\" class=\"elementor elementor-103\">\n\t\t\t\t\t\t<section class=\"elementor-section elementor-top-section elementor-element elementor-element-ea7e027 elementor-section-boxed elementor-section-height-default elementor-section-height-default\" data-id=\"ea7e027\" data-element_type=\"section\">\n\t\t\t\t\t\t<div class=\"elementor-container elementor-column-gap-default\">\n\t\t\t\t\t<div class=\"elementor-column elementor-col-100 elementor-top-column elementor-element elementor-element-64dc367\" data-id=\"64dc367\" data-element_type=\"column\">\n\t\t\t<div class=\"elementor-widget-wrap elementor-element-populated\">\n\t\t\t\t\t\t<div class=\"elementor-element elementor-element-61111a6c elementor-widget elementor-widget-text-editor\" data-id=\"61111a6c\" data-element_type=\"widget\" data-widget_type=\"text-editor.default\">\n\t\t\t\t<div class=\"elementor-widget-container\">\n\t\t\t<style>\/*! elementor - v3.23.0 - 05-08-2024 *\/\n.elementor-widget-text-editor.elementor-drop-cap-view-stacked .elementor-drop-cap{background-color:#69727d;color:#fff}.elementor-widget-text-editor.elementor-drop-cap-view-framed .elementor-drop-cap{color:#69727d;border:3px solid;background-color:transparent}.elementor-widget-text-editor:not(.elementor-drop-cap-view-default) .elementor-drop-cap{margin-top:8px}.elementor-widget-text-editor:not(.elementor-drop-cap-view-default) .elementor-drop-cap-letter{width:1em;height:1em}.elementor-widget-text-editor .elementor-drop-cap{float:left;text-align:center;line-height:1;font-size:50px}.elementor-widget-text-editor .elementor-drop-cap-letter{display:inline-block}<\/style>\t\t\t\t<p style=\"text-align: center;\">Pour les fid\u00e8les SKYWALLS : D\u00e9fier la verticalit\u00e9 \u00e0 <strong>prix r\u00e9duit<\/strong> !<br \/><br \/>Ces carnets sont <strong>non nominatifs<\/strong> et permettent donc aussi de b\u00e9n\u00e9ficier d&rsquo;un tarif groupe ou famille.<br \/><br \/>Commander le carnet 10 entr\u00e9es\u00a0 <strong>valables 1 an<\/strong><\/p>\t\t\t\t\t\t<\/div>\n\t\t\t\t<\/div>\n\t\t\t\t\t<\/div>\n\t\t<\/div>\n\t\t\t\t\t<\/div>\n\t\t<\/section>\n\t\t\t\t<section class=\"elementor-section elementor-top-section elementor-element elementor-element-2dee99c elementor-section-boxed elementor-section-height-default elementor-section-height-default\" data-id=\"2dee99c\" data-element_type=\"section\">\n\t\t\t\t\t\t<div class=\"elementor-container elementor-column-gap-default\">\n\t\t\t\t\t<div class=\"elementor-column elementor-col-100 elementor-top-column elementor-element elementor-element-8fa93bf\" data-id=\"8fa93bf\" data-element_type=\"column\">\n\t\t\t<div class=\"elementor-widget-wrap elementor-element-populated\">\n\t\t\t\t\t\t<div class=\"elementor-element elementor-element-b996ac3 elementor-widget elementor-widget-text-editor\" data-id=\"b996ac3\" data-element_type=\"widget\" data-widget_type=\"text-editor.default\">\n\t\t\t\t<div class=\"elementor-widget-container\">\n\t\t\t\t\t\t\t<div >\n \n  <button><a style=\"color: #fff !important; font-size:140%\"  href=\"https:\/\/skywalls.qweekle.com\/shop\/skywalls\/ticketing?type=ticket&#038;lang=fr\" > R\u00e9server<\/a><\/button>\n<\/div>\n\n  \t\t\t\t\t\t<\/div>\n\t\t\t\t<\/div>\n\t\t\t\t\t<\/div>\n\t\t<\/div>\n\t\t\t\t\t<\/div>\n\t\t<\/section>\n\t\t\t\t<\/div>\n\t\t","protected":false},"excerpt":{"rendered":"<p><span>Pour les Fid\u00e8les\u00a0 SKYWALLS : 10 s\u00e9ances \u00e0 petit prix. <\/span><\/p>\n<p><span>Carnet non nominatif valable 1 an\u00a0<\/span><\/p>\n<p><span><span style=\"color: #ff9900;\"><strong>\u00a0PRIX : 120\u20ac<\/strong><\/span><\/span><\/p>\n<div style=\"display: flex;\">\n  <button ><a style=\"color: #fff !important;\"  href=\"\/index.php\/produit\/carnet-tribu\/\"> D\u00e9couvrir<\/a><\/button><br \/>\n  <button><a style=\"color: #fff !important;\"  href=\"https:\/\/skywalls.qweekle.com\/shop\/skywalls\/ticketing?type=ticket&#038;lang=fr\" > R\u00e9server<\/a><\/button>\n<\/div>\n","protected":false},"featured_media":2400,"comment_status":"closed","ping_status":"closed","template":"","meta":{"_themeisle_gutenberg_block_has_review":false},"product_cat":[21],"product_tag":[],"aioseo_notices":[],"jetpack_sharing_enabled":true,"_links":{"self":[{"href":"https:\/\/skywalls.fr\/index.php\/wp-json\/wp\/v2\/product\/103"}],"collection":[{"href":"https:\/\/skywalls.fr\/index.php\/wp-json\/wp\/v2\/product"}],"about":[{"href":"https:\/\/skywalls.fr\/index.php\/wp-json\/wp\/v2\/types\/product"}],"replies":[{"embeddable":true,"href":"https:\/\/skywalls.fr\/index.php\/wp-json\/wp\/v2\/comments?post=103"}],"version-history":[{"count":38,"href":"https:\/\/skywalls.fr\/index.php\/wp-json\/wp\/v2\/product\/103\/revisions"}],"predecessor-version":[{"id":2545,"href":"https:\/\/skywalls.fr\/index.php\/wp-json\/wp\/v2\/product\/103\/revisions\/2545"}],"wp:featuredmedia":[{"embeddable":true,"href":"https:\/\/skywalls.fr\/index.php\/wp-json\/wp\/v2\/media\/2400"}],"wp:attachment":[{"href":"https:\/\/skywalls.fr\/index.php\/wp-json\/wp\/v2\/media?parent=103"}],"wp:term":[{"taxonomy":"product_cat","embeddable":true,"href":"https:\/\/skywalls.fr\/index.php\/wp-json\/wp\/v2\/product_cat?post=103"},{"taxonomy":"product_tag","embeddable":true,"href":"https:\/\/skywalls.fr\/index.php\/wp-json\/wp\/v2\/product_tag?post=103"}],"curies":[{"name":"wp","href":"https:\/\/api.w.org\/{rel}","templated":true}]}}