{"id":101,"date":"2022-01-26T17:22:12","date_gmt":"2022-01-26T16:22:12","guid":{"rendered":"https:\/\/skywalls.fr\/?post_type=product&#038;p=101"},"modified":"2026-04-02T12:57:45","modified_gmt":"2026-04-02T10:57:45","slug":"anniversaire","status":"publish","type":"product","link":"https:\/\/skywalls.fr\/index.php\/produit\/anniversaire\/","title":{"rendered":"ANNIVERSAIRE FUN"},"content":{"rendered":"\t\t<div data-elementor-type=\"wp-post\" data-elementor-id=\"101\" class=\"elementor elementor-101\">\n\t\t\t\t\t\t<section class=\"elementor-section elementor-top-section elementor-element elementor-element-5149a562 elementor-section-boxed elementor-section-height-default elementor-section-height-default\" data-id=\"5149a562\" data-element_type=\"section\">\n\t\t\t\t\t\t<div class=\"elementor-container elementor-column-gap-default\">\n\t\t\t\t\t<div class=\"elementor-column elementor-col-100 elementor-top-column elementor-element elementor-element-616f14e8\" data-id=\"616f14e8\" data-element_type=\"column\">\n\t\t\t<div class=\"elementor-widget-wrap elementor-element-populated\">\n\t\t\t\t\t\t<div class=\"elementor-element elementor-element-1113d45b elementor-widget elementor-widget-text-editor\" data-id=\"1113d45b\" data-element_type=\"widget\" data-widget_type=\"text-editor.default\">\n\t\t\t\t<div class=\"elementor-widget-container\">\n\t\t\t<style>\/*! elementor - v3.23.0 - 05-08-2024 *\/\n.elementor-widget-text-editor.elementor-drop-cap-view-stacked .elementor-drop-cap{background-color:#69727d;color:#fff}.elementor-widget-text-editor.elementor-drop-cap-view-framed .elementor-drop-cap{color:#69727d;border:3px solid;background-color:transparent}.elementor-widget-text-editor:not(.elementor-drop-cap-view-default) .elementor-drop-cap{margin-top:8px}.elementor-widget-text-editor:not(.elementor-drop-cap-view-default) .elementor-drop-cap-letter{width:1em;height:1em}.elementor-widget-text-editor .elementor-drop-cap{float:left;text-align:center;line-height:1;font-size:50px}.elementor-widget-text-editor .elementor-drop-cap-letter{display:inline-block}<\/style>\t\t\t\t<h3 style=\"text-align: center;\"><span style=\"color: #ff6600;\"><strong>UN ANNIVERSAIRE AU SOMMET<\/strong><\/span><\/h3><p style=\"text-align: left;\">Profitez d\u2019une formule d\u2019anniversaire \u00e0 partir de 130\u20ac selon les cr\u00e9neaux horaires.<span>\u00a0<\/span><strong>La formule anniversaire inclus 8 enfants<\/strong><span>\u00a0<\/span>(\u00e0 partir de 6 ans). Possibilit\u00e9 d&rsquo;ajouter des enfants.<\/p><ul><li style=\"text-align: left;\"><strong>Acc\u00e8s libre \u00e0 toutes les activit\u00e9s<\/strong> sous accompagnement parentale.<\/li><li style=\"text-align: left;\"><strong>Une f\u00eate d&rsquo;anniversaire d\u2019une dur\u00e9e de 2h<\/strong><span>\u00a0<\/span>= 30min accueil\/briefing + 1h de grimpe libre pour les enfants + 30 min de go\u00fbter d&rsquo;anniversaire.<\/li><li style=\"text-align: left;\"><strong>Go\u00fbter d\u2019anniversaire fourni par SKYWALLS<\/strong><span>\u00a0<\/span>sous accompagnement parentale. Notre recette: g\u00e2teau, bonbons et boissons. Disposez d\u2019un espace d\u00e9di\u00e9 avec une table r\u00e9serv\u00e9e.<\/li><li><strong>Invitations<\/strong> \u00e0 t\u00e9l\u00e9charger sur votre compte client SKYWALLS.<\/li><li style=\"text-align: left;\">Profitez \u00e9galement du <strong>cadeau pour le roi \/ la reine de la f\u00eate<\/strong> : une future s\u00e9ance offerte !<\/li><\/ul>\t\t\t\t\t\t<\/div>\n\t\t\t\t<\/div>\n\t\t\t\t\t<\/div>\n\t\t<\/div>\n\t\t\t\t\t<\/div>\n\t\t<\/section>\n\t\t\t\t<section class=\"elementor-section elementor-top-section elementor-element elementor-element-504fb52 elementor-section-boxed elementor-section-height-default elementor-section-height-default\" data-id=\"504fb52\" data-element_type=\"section\">\n\t\t\t\t\t\t<div class=\"elementor-container elementor-column-gap-default\">\n\t\t\t\t\t<div class=\"elementor-column elementor-col-100 elementor-top-column elementor-element elementor-element-3059676\" data-id=\"3059676\" data-element_type=\"column\">\n\t\t\t<div class=\"elementor-widget-wrap elementor-element-populated\">\n\t\t\t\t\t\t<div class=\"elementor-element elementor-element-83d9f0c elementor-widget elementor-widget-text-editor\" data-id=\"83d9f0c\" data-element_type=\"widget\" data-widget_type=\"text-editor.default\">\n\t\t\t\t<div class=\"elementor-widget-container\">\n\t\t\t\t\t\t\t<div>\n\n<button><a style=\"color: #fff !important; font-size:140% \" href=\"https:\/\/skywalls.qweekle.com\/shop\/skywalls\/anniversaires-et-evenements\/pack\/pack-anniversaire-skywalls-1?lang=fr\"> R\u00e9server<\/a><\/button>\n\n<\/div>\t\t\t\t\t\t<\/div>\n\t\t\t\t<\/div>\n\t\t\t\t\t<\/div>\n\t\t<\/div>\n\t\t\t\t\t<\/div>\n\t\t<\/section>\n\t\t\t\t<\/div>\n\t\t","protected":false},"excerpt":{"rendered":"<p style=\"text-align: left;\">Profitez de la\u00a0 formule d\u2019anniversaire tout inclus<br \/>\nGo\u00fbter d\u2019anniversaire fourni par SKYWALLS<br \/>\n\ud83c\udf89 Prochaine session offerte pour notre invit\u00e9(e) d\u2019honneur !<\/p>\n<p style=\"text-align: left; color: #f68d2e;\">\u00c0 partir de <strong>130\u20ac<\/strong><\/p>\n<div style=\"display: flex;\"><button><a href=\"\/index.php\/produit\/anniversaire\/\"> D\u00e9couvrir<\/a><\/button><br \/>\n<button><a href=\"https:\/\/skywalls.qweekle.com\/shop\/skywalls\/anniversaires-et-evenements\/pack\/pack-anniversaire-skywalls-1?lang=fr\"> R\u00e9server<\/a><\/button><\/div>\n","protected":false},"featured_media":2387,"comment_status":"closed","ping_status":"closed","template":"","meta":{"_themeisle_gutenberg_block_has_review":false},"product_cat":[21],"product_tag":[23],"aioseo_notices":[],"jetpack_sharing_enabled":true,"_links":{"self":[{"href":"https:\/\/skywalls.fr\/index.php\/wp-json\/wp\/v2\/product\/101"}],"collection":[{"href":"https:\/\/skywalls.fr\/index.php\/wp-json\/wp\/v2\/product"}],"about":[{"href":"https:\/\/skywalls.fr\/index.php\/wp-json\/wp\/v2\/types\/product"}],"replies":[{"embeddable":true,"href":"https:\/\/skywalls.fr\/index.php\/wp-json\/wp\/v2\/comments?post=101"}],"version-history":[{"count":96,"href":"https:\/\/skywalls.fr\/index.php\/wp-json\/wp\/v2\/product\/101\/revisions"}],"predecessor-version":[{"id":2669,"href":"https:\/\/skywalls.fr\/index.php\/wp-json\/wp\/v2\/product\/101\/revisions\/2669"}],"wp:featuredmedia":[{"embeddable":true,"href":"https:\/\/skywalls.fr\/index.php\/wp-json\/wp\/v2\/media\/2387"}],"wp:attachment":[{"href":"https:\/\/skywalls.fr\/index.php\/wp-json\/wp\/v2\/media?parent=101"}],"wp:term":[{"taxonomy":"product_cat","embeddable":true,"href":"https:\/\/skywalls.fr\/index.php\/wp-json\/wp\/v2\/product_cat?post=101"},{"taxonomy":"product_tag","embeddable":true,"href":"https:\/\/skywalls.fr\/index.php\/wp-json\/wp\/v2\/product_tag?post=101"}],"curies":[{"name":"wp","href":"https:\/\/api.w.org\/{rel}","templated":true}]}}