{"id":994,"date":"2023-01-21T01:16:35","date_gmt":"2023-01-21T00:16:35","guid":{"rendered":"https:\/\/skywalls.fr\/?page_id=994"},"modified":"2025-09-25T09:05:56","modified_gmt":"2025-09-25T07:05:56","slug":"nous-contacter","status":"publish","type":"page","link":"https:\/\/skywalls.fr\/index.php\/nous-contacter\/","title":{"rendered":"NOUS CONTACTER"},"content":{"rendered":"\t\t<div data-elementor-type=\"wp-page\" data-elementor-id=\"994\" class=\"elementor elementor-994\">\n\t\t\t\t\t\t<section class=\"elementor-section elementor-top-section elementor-element elementor-element-1d7d243 elementor-section-full_width topmob elementor-section-height-default elementor-section-height-default\" data-id=\"1d7d243\" data-element_type=\"section\" data-settings=\"{&quot;background_background&quot;:&quot;gradient&quot;}\">\n\t\t\t\t\t\t\t<div class=\"elementor-background-overlay\"><\/div>\n\t\t\t\t\t\t\t<div class=\"elementor-container elementor-column-gap-default\">\n\t\t\t\t\t<div class=\"elementor-column elementor-col-100 elementor-top-column elementor-element elementor-element-a7c59ef\" data-id=\"a7c59ef\" data-element_type=\"column\">\n\t\t\t<div class=\"elementor-widget-wrap elementor-element-populated\">\n\t\t\t\t\t\t<div class=\"elementor-element elementor-element-ad6589a elementor-widget elementor-widget-heading\" data-id=\"ad6589a\" data-element_type=\"widget\" data-widget_type=\"heading.default\">\n\t\t\t\t<div class=\"elementor-widget-container\">\n\t\t\t<style>\/*! elementor - v3.23.0 - 05-08-2024 *\/\n.elementor-heading-title{padding:0;margin:0;line-height:1}.elementor-widget-heading .elementor-heading-title[class*=elementor-size-]>a{color:inherit;font-size:inherit;line-height:inherit}.elementor-widget-heading .elementor-heading-title.elementor-size-small{font-size:15px}.elementor-widget-heading .elementor-heading-title.elementor-size-medium{font-size:19px}.elementor-widget-heading .elementor-heading-title.elementor-size-large{font-size:29px}.elementor-widget-heading .elementor-heading-title.elementor-size-xl{font-size:39px}.elementor-widget-heading .elementor-heading-title.elementor-size-xxl{font-size:59px}<\/style><h2 class=\"elementor-heading-title elementor-size-default\">Nous contacter<\/h2>\t\t<\/div>\n\t\t\t\t<\/div>\n\t\t\t\t\t<\/div>\n\t\t<\/div>\n\t\t\t\t\t<\/div>\n\t\t<\/section>\n\t\t\t\t<section class=\"elementor-section elementor-top-section elementor-element elementor-element-acf12b5 elementor-section-boxed elementor-section-height-default elementor-section-height-default\" data-id=\"acf12b5\" data-element_type=\"section\">\n\t\t\t\t\t\t<div class=\"elementor-container elementor-column-gap-default\">\n\t\t\t\t\t<div class=\"elementor-column elementor-col-50 elementor-top-column elementor-element elementor-element-972903f\" data-id=\"972903f\" data-element_type=\"column\">\n\t\t\t<div class=\"elementor-widget-wrap elementor-element-populated\">\n\t\t\t\t\t\t<div class=\"elementor-element elementor-element-babb88a elementor-widget elementor-widget-text-editor\" data-id=\"babb88a\" data-element_type=\"widget\" data-widget_type=\"text-editor.default\">\n\t\t\t\t<div class=\"elementor-widget-container\">\n\t\t\t<style>\/*! elementor - v3.23.0 - 05-08-2024 *\/\n.elementor-widget-text-editor.elementor-drop-cap-view-stacked .elementor-drop-cap{background-color:#69727d;color:#fff}.elementor-widget-text-editor.elementor-drop-cap-view-framed .elementor-drop-cap{color:#69727d;border:3px solid;background-color:transparent}.elementor-widget-text-editor:not(.elementor-drop-cap-view-default) .elementor-drop-cap{margin-top:8px}.elementor-widget-text-editor:not(.elementor-drop-cap-view-default) .elementor-drop-cap-letter{width:1em;height:1em}.elementor-widget-text-editor .elementor-drop-cap{float:left;text-align:center;line-height:1;font-size:50px}.elementor-widget-text-editor .elementor-drop-cap-letter{display:inline-block}<\/style>\t\t\t\t<div class=\"col-12\"><h2 style=\"text-align: center;\"><span style=\"font-size: inherit; color: #f68d2e;\">Une question?<br \/>Contactez nous!<\/span><\/h2><div><span style=\"font-size: inherit;\">Vous souhaitez obtenir un devis pour privatiser une de nos salles, faire une sortie d&rsquo;entreprise, organiser un team building entre coll\u00e8gues, une sortie scolaire ou encore une s\u00e9ance d\u00e9couverte escalade pour votre centre de loisirs, vous pouvez nous contacter par mail \u00e0<\/span><span style=\"font-size: inherit;\">\u00a0<\/span><span style=\"color: #f68d2e;\"><a href=\"mailto:contact@skywalls.fr\" style=\"font-size: inherit; background-color: #ffffff; color: #f68d2e;\">contact@skywalls.fr<\/a><span style=\"font-size: inherit;\">\u00a0<\/span><\/span><span style=\"font-size: inherit;\">ou au<\/span><span style=\"font-size: inherit;\">\u00a0<\/span><a href=\"tel:+33652203508\" style=\"font-size: inherit; background-color: #ffffff;\"><span style=\"color: #f68d2e;\">06.52.20.35.08<\/span> <\/a><span style=\"font-size: inherit;\">\u00a0(<\/span><strong style=\"font-size: inherit;\">Demande de devis uniquement<\/strong><span style=\"font-size: inherit;\">)<\/span><\/div><\/div>\t\t\t\t\t\t<\/div>\n\t\t\t\t<\/div>\n\t\t\t\t\t<\/div>\n\t\t<\/div>\n\t\t\t\t<div class=\"elementor-column elementor-col-50 elementor-top-column elementor-element elementor-element-f705558\" data-id=\"f705558\" data-element_type=\"column\" data-settings=\"{&quot;background_background&quot;:&quot;classic&quot;}\">\n\t\t\t<div class=\"elementor-widget-wrap elementor-element-populated\">\n\t\t\t\t\t\t<div class=\"elementor-element elementor-element-131ecfe elementor-widget elementor-widget-content_form_contact\" data-id=\"131ecfe\" data-element_type=\"widget\" data-widget_type=\"content_form_contact.default\">\n\t\t\t\t<div class=\"elementor-widget-container\">\n\t\t\t<form action=\"https:\/\/skywalls.fr\/wp-admin\/admin-post.php\" method=\"post\" name=\"content-form-131ecfe\" id=\"content-form-131ecfe\" class=\"ti-cf-module content-form content-form-contact content_form_contact\"><input type=\"hidden\" id=\"_wpnonce_contact\" name=\"_wpnonce_contact\" value=\"9407bb6295\" \/><input type=\"hidden\" name=\"_wp_http_referer\" value=\"\/index.php\/wp-json\/wp\/v2\/pages\/994\" \/><input type=\"hidden\" name=\"action\" value=\"content_form_submit\" \/><input type=\"hidden\" name=\"form-type\" value=\"contact\" \/><input type=\"hidden\" name=\"form-builder\" value=\"elementor\" \/><input type=\"hidden\" name=\"post-id\" value=\"994\" \/><input type=\"hidden\" name=\"form-id\" value=\"131ecfe\" \/><fieldset class=\"content-form-field-text elementor-column elementor-col-100\"><label for=\"data[131ecfe][name]\" ><\/label><input type=\"text\" name=\"data[131ecfe][name]\" id=\"data[131ecfe][name]\" required=\"required\"  placeholder=\"Nom\"><\/fieldset><fieldset class=\"content-form-field-email elementor-column elementor-col-100\"><label for=\"data[131ecfe][email]\" ><\/label><input type=\"text\" name=\"data[131ecfe][email]\" id=\"data[131ecfe][email]\" required=\"required\"  placeholder=\"Email\"><\/fieldset><fieldset class=\"content-form-field-text elementor-column elementor-col-100\"><label for=\"data[131ecfe][entreprise]\" ><\/label><input type=\"text\" name=\"data[131ecfe][entreprise]\" id=\"data[131ecfe][entreprise]\"   placeholder=\"entreprise\/organisme\"><\/fieldset><fieldset class=\"content-form-field-number elementor-column elementor-col-100\"><label for=\"data[131ecfe][phone]\" ><\/label><input type=\"text\" name=\"data[131ecfe][phone]\" id=\"data[131ecfe][phone]\"   placeholder=\"Tel\"><\/fieldset><fieldset class=\"content-form-field-textarea elementor-column elementor-col-100\"><label for=\"data[131ecfe][message]\" ><\/label><textarea name=\"data[131ecfe][message]\" id=\"data[131ecfe][message]\"  required=\"required\" placeholder=\"Message\" cols=\"30\" rows=\"5\"><\/textarea><\/fieldset><fieldset class=\"content-form-field-hidden elementor-column elementor-col-100\"><input type=\"hidden\" value=\"ce message etre traiter par un commercial. \" name=\"data[131ecfe][demande-de-devis-a-travers-le-site-commercial]\" id=\"data[131ecfe][demande-de-devis-a-travers-le-site-commercial]\" ><\/fieldset><fieldset class=\"submit-form contact\"><button type=\"submit\" name=\"submit\"  value=\"submit-contact-131ecfe\" class=\"\">Envoyer<\/button><\/fieldset><\/form>\t\t<\/div>\n\t\t\t\t<\/div>\n\t\t\t\t\t<\/div>\n\t\t<\/div>\n\t\t\t\t\t<\/div>\n\t\t<\/section>\n\t\t\t\t<\/div>\n\t\t","protected":false},"excerpt":{"rendered":"<p>Nous contacter Une question?Contactez nous! Vous souhaitez obtenir un devis pour privatiser une de nos salles, faire une sortie d&rsquo;entreprise, organiser un team building entre coll\u00e8gues, une sortie scolaire ou encore une s\u00e9ance d\u00e9couverte escalade pour votre centre de loisirs, vous pouvez nous contacter par mail \u00e0\u00a0contact@skywalls.fr\u00a0ou au\u00a006.52.20.35.08 \u00a0(Demande de [&hellip;]<\/p>\n","protected":false},"author":1,"featured_media":0,"parent":0,"menu_order":0,"comment_status":"closed","ping_status":"closed","template":"page-templates\/template-pagebuilder-full-width.php","meta":{"_themeisle_gutenberg_block_has_review":false},"aioseo_notices":[],"jetpack_sharing_enabled":true,"_links":{"self":[{"href":"https:\/\/skywalls.fr\/index.php\/wp-json\/wp\/v2\/pages\/994"}],"collection":[{"href":"https:\/\/skywalls.fr\/index.php\/wp-json\/wp\/v2\/pages"}],"about":[{"href":"https:\/\/skywalls.fr\/index.php\/wp-json\/wp\/v2\/types\/page"}],"author":[{"embeddable":true,"href":"https:\/\/skywalls.fr\/index.php\/wp-json\/wp\/v2\/users\/1"}],"replies":[{"embeddable":true,"href":"https:\/\/skywalls.fr\/index.php\/wp-json\/wp\/v2\/comments?post=994"}],"version-history":[{"count":92,"href":"https:\/\/skywalls.fr\/index.php\/wp-json\/wp\/v2\/pages\/994\/revisions"}],"predecessor-version":[{"id":2455,"href":"https:\/\/skywalls.fr\/index.php\/wp-json\/wp\/v2\/pages\/994\/revisions\/2455"}],"wp:attachment":[{"href":"https:\/\/skywalls.fr\/index.php\/wp-json\/wp\/v2\/media?parent=994"}],"curies":[{"name":"wp","href":"https:\/\/api.w.org\/{rel}","templated":true}]}}