{"id":1524,"date":"2024-08-26T01:04:51","date_gmt":"2024-08-25T23:04:51","guid":{"rendered":"https:\/\/skywalls.fr\/?page_id=1524"},"modified":"2025-09-24T18:43:14","modified_gmt":"2025-09-24T16:43:14","slug":"reglement-interieur","status":"publish","type":"page","link":"https:\/\/skywalls.fr\/index.php\/reglement-interieur\/","title":{"rendered":"R\u00c8GLEMENT INT\u00c9RIEUR"},"content":{"rendered":"\t\t<div data-elementor-type=\"wp-page\" data-elementor-id=\"1524\" class=\"elementor elementor-1524\">\n\t\t\t\t\t\t<section class=\"elementor-section elementor-top-section elementor-element elementor-element-a9c1aec elementor-section-full_width topmob elementor-section-height-default elementor-section-height-default\" data-id=\"a9c1aec\" data-element_type=\"section\" data-settings=\"{&quot;background_background&quot;:&quot;gradient&quot;}\">\n\t\t\t\t\t\t\t<div class=\"elementor-background-overlay\"><\/div>\n\t\t\t\t\t\t\t<div class=\"elementor-container elementor-column-gap-default\">\n\t\t\t\t\t<div class=\"elementor-column elementor-col-100 elementor-top-column elementor-element elementor-element-652da63\" data-id=\"652da63\" data-element_type=\"column\">\n\t\t\t<div class=\"elementor-widget-wrap elementor-element-populated\">\n\t\t\t\t\t\t<div class=\"elementor-element elementor-element-1d28d21 elementor-widget elementor-widget-heading\" data-id=\"1d28d21\" data-element_type=\"widget\" data-widget_type=\"heading.default\">\n\t\t\t\t<div class=\"elementor-widget-container\">\n\t\t\t<style>\/*! elementor - v3.23.0 - 05-08-2024 *\/\n.elementor-heading-title{padding:0;margin:0;line-height:1}.elementor-widget-heading .elementor-heading-title[class*=elementor-size-]>a{color:inherit;font-size:inherit;line-height:inherit}.elementor-widget-heading .elementor-heading-title.elementor-size-small{font-size:15px}.elementor-widget-heading .elementor-heading-title.elementor-size-medium{font-size:19px}.elementor-widget-heading .elementor-heading-title.elementor-size-large{font-size:29px}.elementor-widget-heading .elementor-heading-title.elementor-size-xl{font-size:39px}.elementor-widget-heading .elementor-heading-title.elementor-size-xxl{font-size:59px}<\/style><h2 class=\"elementor-heading-title elementor-size-default\">R\u00c8GLEMENT INT\u00c9RIEUR<\/h2>\t\t<\/div>\n\t\t\t\t<\/div>\n\t\t\t\t\t<\/div>\n\t\t<\/div>\n\t\t\t\t\t<\/div>\n\t\t<\/section>\n\t\t\t\t<section class=\"elementor-section elementor-top-section elementor-element elementor-element-23c1358 elementor-section-boxed elementor-section-height-default elementor-section-height-default\" data-id=\"23c1358\" data-element_type=\"section\">\n\t\t\t\t\t\t<div class=\"elementor-container elementor-column-gap-default\">\n\t\t\t\t\t<div class=\"elementor-column elementor-col-100 elementor-top-column elementor-element elementor-element-57e0c67\" data-id=\"57e0c67\" data-element_type=\"column\">\n\t\t\t<div class=\"elementor-widget-wrap elementor-element-populated\">\n\t\t\t\t\t\t<div class=\"elementor-element elementor-element-3c55ede elementor-widget elementor-widget-text-editor\" data-id=\"3c55ede\" data-element_type=\"widget\" data-widget_type=\"text-editor.default\">\n\t\t\t\t<div class=\"elementor-widget-container\">\n\t\t\t<style>\/*! elementor - v3.23.0 - 05-08-2024 *\/\n.elementor-widget-text-editor.elementor-drop-cap-view-stacked .elementor-drop-cap{background-color:#69727d;color:#fff}.elementor-widget-text-editor.elementor-drop-cap-view-framed .elementor-drop-cap{color:#69727d;border:3px solid;background-color:transparent}.elementor-widget-text-editor:not(.elementor-drop-cap-view-default) .elementor-drop-cap{margin-top:8px}.elementor-widget-text-editor:not(.elementor-drop-cap-view-default) .elementor-drop-cap-letter{width:1em;height:1em}.elementor-widget-text-editor .elementor-drop-cap{float:left;text-align:center;line-height:1;font-size:50px}.elementor-widget-text-editor .elementor-drop-cap-letter{display:inline-block}<\/style>\t\t\t\t<p><\/p><h4>1\/ OBJET<\/h4><p>Le pr\u00e9sent r\u00e8glement int\u00e9rieur a pour objectif de d\u00e9finir les conditions d&rsquo;acc\u00e8s et d&rsquo;utilisation des espaces du parc d&rsquo;aventure SKYWALLS. Chaque personne pr\u00e9sente dans l&rsquo;enceinte du parc doit respecter ce r\u00e8glement.<\/p><h4>2\/ G\u00c9N\u00c9RALIT\u00c9S<\/h4><p>Tout utilisateur du parc doit :<\/p><ul><li>Avoir accept\u00e9 les Conditions G\u00e9n\u00e9rales de Vente (CGV) et les Conditions G\u00e9n\u00e9rales d&rsquo;Utilisation (CGU). En cas de refus d&rsquo;accepter les CGV et CGU, l&rsquo;acc\u00e8s au parc sera refus\u00e9.<\/li><li>Avoir au moins 4 ans pour acc\u00e9der au parc<\/li><li>Avoir au moins 5 ans et mesurer 1,20m pour acc\u00e9der \u00e0 l&rsquo;accrobranche<\/li><li>Poss\u00e9der une assurance en responsabilit\u00e9 civile.<\/li><li>\u00catre en bonne condition physique et ne pas \u00eatre sous l&rsquo;influence de substances alt\u00e9rant son comportement (alcool, drogue, m\u00e9dicaments, etc.).<\/li><li>Adopter un comportement respectueux, responsable et prudent.<\/li><li>Porter une tenue adapt\u00e9e \u00e0 l&rsquo;activit\u00e9 pratiqu\u00e9e, notamment des chaussures de sport.<\/li><li>Attacher les cheveux longs et \u00e9viter les accessoires pouvant s&rsquo;accrocher (capuches, boucles d&rsquo;oreilles, etc.).<\/li><li>Ne pas conserver sur soi d&rsquo;objets susceptibles de tomber pendant les activit\u00e9s en hauteur (bijoux, cl\u00e9s, t\u00e9l\u00e9phone, etc.). Des casiers sont \u00e0 disposition.<\/li><\/ul><p>SKYWALLS d\u00e9cline toute responsabilit\u00e9 en cas de vol, perte ou d\u00e9gradation des objets personnels sur l&rsquo;ensemble du site.<\/p><p>L&rsquo;utilisation du t\u00e9l\u00e9phone portable est interdite pendant les activit\u00e9s.<\/p><p>Tout accident, m\u00eame b\u00e9nin, doit \u00eatre signal\u00e9 \u00e0 l&rsquo;accueil.<\/p><p>Les utilisateurs sont responsables de toute d\u00e9gradation caus\u00e9e aux installations, mat\u00e9riels, vestiaires et autres espaces. SKYWALLS se r\u00e9serve le droit de facturer les r\u00e9parations aux responsables des dommages.<\/p><p>En cas de forte affluence, SKYWALLS se r\u00e9serve le droit de limiter l&rsquo;acc\u00e8s au parc pour des raisons de s\u00e9curit\u00e9 et de confort.<\/p><h6>Public Mineur<\/h6><p>Les mineurs de moins de 14 ans doivent \u00eatre accompagn\u00e9s d&rsquo;un adulte qui est responsable d&rsquo;eux pendant toute leur pr\u00e9sence \u00e0 SKYWALLS, sauf durant les activit\u00e9s.<\/p><p>Les mineurs de 14 ans et plus peuvent rester seuls sous leur propre responsabilit\u00e9, \u00e0 condition qu&rsquo;une autorisation parentale ait \u00e9t\u00e9 pr\u00e9alablement fournie \u00e0 l&rsquo;\u00e9quipe de SKYWALLS par un repr\u00e9sentant l\u00e9gal.<\/p><p>Les enfants de moins de 9 ans doivent \u00eatre accompagn\u00e9s par un accompagnateur ou leur repr\u00e9sentant l\u00e9gal \u00e0 l&rsquo;int\u00e9rieur de la zone d&rsquo;escalade, afin de les aider \u00e0 s&rsquo;attacher et se d\u00e9tacher du dispositif de s\u00e9curit\u00e9 pendant la session d&rsquo;escalade.<\/p><h6>Groupes<\/h6><p>L&rsquo;acc\u00e8s aux installations pour les anniversaires ,les groupes scolaires, associatifs, clubs, team building, enterrements de vie de gar\u00e7on\/jeune fille et autres groupes collectifs n&rsquo;est autoris\u00e9 qu&rsquo;apr\u00e8s un contact pr\u00e9alable entre un r\u00e9f\u00e9rent du groupe et un membre du personnel de SKYWALLS. Le personnel se r\u00e9serve le droit d&rsquo;accepter ou de refuser l&rsquo;acc\u00e8s au parc et de d\u00e9finir les r\u00e8gles sp\u00e9cifiques de s\u00e9curit\u00e9 et de tarification pour chaque prestation.<\/p><p>Les groupes de mineurs doivent pr\u00e9voir un encadrement suffisant en fonction de l&rsquo;activit\u00e9 et de l&rsquo;\u00e2ge des participants.<\/p><h6>Horaires<\/h6><p>Les jours et horaires d&rsquo;ouverture sont affich\u00e9s \u00e0 l&rsquo;entr\u00e9e du parc ainsi que sur le site internet.<\/p><p>SKYWALLS se r\u00e9serve le droit de modifier les horaires ou de fermer partiellement ou totalement ses installations pour des raisons d&rsquo;exploitation, de maintenance ou de contr\u00f4le.<\/p><p>En cas de fermeture exceptionnelle, SKYWALLS s&rsquo;engage \u00e0 informer les utilisateurs dans la mesure du possible, par affichage ou via ses moyens de communication.<\/p><p>Tout acc\u00e8s \u00e0 SKYWALLS est soumis \u00e0 l&rsquo;accord d&rsquo;un membre du personnel.<\/p><h6>\u00c9quipement de protection individuelle et consignes de s\u00e9curit\u00e9<\/h6><p>Chaque client est \u00e9quip\u00e9 d&rsquo;un mat\u00e9riel de protection individuelle fourni par SKYWALLS. Tout \u00e9quipement enlev\u00e9 doit \u00eatre contr\u00f4l\u00e9 par un op\u00e9rateur. L&rsquo;utilisation de mat\u00e9riel autre que celui fourni par le parc n&rsquo;est pas autoris\u00e9e.<\/p><p>Tout \u00e9quipement retir\u00e9 ne peut \u00eatre remis en place sans contr\u00f4le.<\/p><p>Les consignes de s\u00e9curit\u00e9 sont \u00e9nonc\u00e9es avant chaque activit\u00e9 et doivent \u00eatre respect\u00e9es par tous les participants.<\/p><p>Toute personne ne se sentant pas capable de suivre les consignes de s\u00e9curit\u00e9, physiquement ou moralement, doit renoncer \u00e0 pratiquer l&rsquo;activit\u00e9.<\/p><h6>Personnel SKYWALLS<\/h6><p>Le personnel de SKYWALLS est identifiable par des tenues logot\u00e9es de couleur orange. N&rsquo;h\u00e9sitez pas \u00e0 solliciter nos op\u00e9rateurs pour tout conseil, en cas de difficult\u00e9 ou pour demander une intervention.<\/p><h6>Consommation alimentaire<\/h6><p>Bien que l&rsquo;hydratation et l&rsquo;alimentation soient recommand\u00e9es pendant la pratique sportive, seuls les produits vendus au bar sont autoris\u00e9s sur place.<\/p><h6>Animaux<\/h6><p>Pour des raisons d&rsquo;hygi\u00e8ne et de s\u00e9curit\u00e9, les animaux sont interdits dans les locaux, \u00e0 l&rsquo;exception des chiens d&rsquo;assistance pour les personnes d\u00e9ficientes visuelles ou intellectuelles.<\/p><h6>Vid\u00e9osurveillance<\/h6><p>Certains espaces sont sous vid\u00e9osurveillance pour des raisons de s\u00e9curit\u00e9. Vous pouvez demander \u00e0 l&rsquo;accueil de conna\u00eetre les zones concern\u00e9es.<\/p><p><\/p><h4>3\/ CONDITIONS PARTICULI\u00c8RES DES ACTIVIT\u00c9S<\/h4><h6>L&rsquo;escalade\u00a0 \u00a0<\/h6><p>L&rsquo;activit\u00e9 de grimpe ludique se fait en autonomie surveill\u00e9e. Un op\u00e9rateur \u00e9quipe les participants, explique les consignes de s\u00e9curit\u00e9 et accompagne le groupe pendant toute la s\u00e9ance.<\/p><p>Chaque participant doit peser entre 15 et 130 kg. L&rsquo;\u00e2ge minimum est de 4 ans.<\/p><p>Les mineurs doivent \u00eatre surveill\u00e9s par un adulte r\u00e9f\u00e9rent, tandis que les adultes \u00e9voluent sous leur propre responsabilit\u00e9.<\/p><p>Le respect des consignes de s\u00e9curit\u00e9 est obligatoire. Le non-respect entra\u00eenera une exclusion imm\u00e9diate.<\/p><h6>Le parcours accrobranche<\/h6><p>Pour une pratique autonome, une taille minimum de 1,20m est requise.<\/p><p>Le parcours acrobatique en hauteur permet de progresser entre diff\u00e9rents ateliers de mani\u00e8re autonome. Chaque atelier est signal\u00e9 par une signal\u00e9tique \u00e0 l&rsquo;entr\u00e9e, et les r\u00e8gles doivent \u00eatre respect\u00e9es.<\/p><p>Les plateformes et ateliers doivent \u00eatre respect\u00e9s en termes de capacit\u00e9 (maximum 3 personnes par plateforme et une seule personne par atelier).<\/p><h6>Cours et stages d&rsquo;escalade<\/h6><p>Les cours et stages d&rsquo;escalade sont accessibles \u00e0 partir de 6 ans, organis\u00e9s par groupes de niveau et d&rsquo;\u00e2ge. Des exceptions peuvent \u00eatre faites pour des raisons de confort ou de s\u00e9curit\u00e9.<\/p><p>L&rsquo;inscription d&rsquo;un mineur \u00e0 un cours ou stage doit \u00eatre r\u00e9alis\u00e9e par un tuteur l\u00e9gal.<\/p><p>SKYWALLS assure la surveillance des mineurs uniquement pendant la dur\u00e9e des cours ou stages. En dehors de ces moments, la responsabilit\u00e9 revient au repr\u00e9sentant l\u00e9gal.<\/p><p>SKYWALLS se r\u00e9serve le droit d&rsquo;exclure toute personne ayant un comportement dangereux pour elle-m\u00eame ou pour les autres.<\/p><p>En cas de non-respect des consignes indiqu\u00e9es dans le pr\u00e9sent r\u00e8glement, SKYWALLS d\u00e9cline toute responsabilit\u00e9 en cas d&rsquo;accident.<\/p><p>SKYWALLS se r\u00e9serve le droit de modifier ce r\u00e8glement \u00e0 tout moment, m\u00eame sans pr\u00e9avis.CONDITIONS PARTICULI\u00c8RES DES ACTIVIT\u00c9S<\/p>\t\t\t\t\t\t<\/div>\n\t\t\t\t<\/div>\n\t\t\t\t\t<\/div>\n\t\t<\/div>\n\t\t\t\t\t<\/div>\n\t\t<\/section>\n\t\t\t\t<\/div>\n\t\t","protected":false},"excerpt":{"rendered":"<p>R\u00c8GLEMENT INT\u00c9RIEUR 1\/ OBJET Le pr\u00e9sent r\u00e8glement int\u00e9rieur a pour objectif de d\u00e9finir les conditions d&rsquo;acc\u00e8s et d&rsquo;utilisation des espaces du parc d&rsquo;aventure SKYWALLS. Chaque personne pr\u00e9sente dans l&rsquo;enceinte du parc doit respecter ce r\u00e8glement. 2\/ G\u00c9N\u00c9RALIT\u00c9S Tout utilisateur du parc doit : Avoir accept\u00e9 les Conditions G\u00e9n\u00e9rales de Vente [&hellip;]<\/p>\n","protected":false},"author":1,"featured_media":0,"parent":0,"menu_order":0,"comment_status":"closed","ping_status":"closed","template":"page-templates\/template-pagebuilder-full-width.php","meta":{"_themeisle_gutenberg_block_has_review":false},"aioseo_notices":[],"jetpack_sharing_enabled":true,"_links":{"self":[{"href":"https:\/\/skywalls.fr\/index.php\/wp-json\/wp\/v2\/pages\/1524"}],"collection":[{"href":"https:\/\/skywalls.fr\/index.php\/wp-json\/wp\/v2\/pages"}],"about":[{"href":"https:\/\/skywalls.fr\/index.php\/wp-json\/wp\/v2\/types\/page"}],"author":[{"embeddable":true,"href":"https:\/\/skywalls.fr\/index.php\/wp-json\/wp\/v2\/users\/1"}],"replies":[{"embeddable":true,"href":"https:\/\/skywalls.fr\/index.php\/wp-json\/wp\/v2\/comments?post=1524"}],"version-history":[{"count":26,"href":"https:\/\/skywalls.fr\/index.php\/wp-json\/wp\/v2\/pages\/1524\/revisions"}],"predecessor-version":[{"id":2367,"href":"https:\/\/skywalls.fr\/index.php\/wp-json\/wp\/v2\/pages\/1524\/revisions\/2367"}],"wp:attachment":[{"href":"https:\/\/skywalls.fr\/index.php\/wp-json\/wp\/v2\/media?parent=1524"}],"curies":[{"name":"wp","href":"https:\/\/api.w.org\/{rel}","templated":true}]}}