{"id":141,"date":"2022-11-26T18:51:56","date_gmt":"2022-11-26T17:51:56","guid":{"rendered":"https:\/\/skywalls.fr\/?page_id=141"},"modified":"2025-09-24T18:36:23","modified_gmt":"2025-09-24T16:36:23","slug":"skywalls-academy","status":"publish","type":"page","link":"https:\/\/skywalls.fr\/index.php\/skywalls-academy\/","title":{"rendered":"SKYWALLS ACADEMY"},"content":{"rendered":"\t\t<div data-elementor-type=\"wp-page\" data-elementor-id=\"141\" class=\"elementor elementor-141\">\n\t\t\t\t\t\t<section class=\"elementor-section elementor-top-section elementor-element elementor-element-6dd8d28 elementor-section-full_width topmob elementor-section-height-default elementor-section-height-default\" data-id=\"6dd8d28\" data-element_type=\"section\" data-settings=\"{&quot;background_background&quot;:&quot;gradient&quot;}\">\n\t\t\t\t\t\t\t<div class=\"elementor-background-overlay\"><\/div>\n\t\t\t\t\t\t\t<div class=\"elementor-container elementor-column-gap-default\">\n\t\t\t\t\t<div class=\"elementor-column elementor-col-100 elementor-top-column elementor-element elementor-element-099a021\" data-id=\"099a021\" data-element_type=\"column\">\n\t\t\t<div class=\"elementor-widget-wrap elementor-element-populated\">\n\t\t\t\t\t\t<div class=\"elementor-element elementor-element-66f3b58 elementor-widget elementor-widget-heading\" data-id=\"66f3b58\" data-element_type=\"widget\" data-widget_type=\"heading.default\">\n\t\t\t\t<div class=\"elementor-widget-container\">\n\t\t\t<style>\/*! elementor - v3.23.0 - 05-08-2024 *\/\n.elementor-heading-title{padding:0;margin:0;line-height:1}.elementor-widget-heading .elementor-heading-title[class*=elementor-size-]>a{color:inherit;font-size:inherit;line-height:inherit}.elementor-widget-heading .elementor-heading-title.elementor-size-small{font-size:15px}.elementor-widget-heading .elementor-heading-title.elementor-size-medium{font-size:19px}.elementor-widget-heading .elementor-heading-title.elementor-size-large{font-size:29px}.elementor-widget-heading .elementor-heading-title.elementor-size-xl{font-size:39px}.elementor-widget-heading .elementor-heading-title.elementor-size-xxl{font-size:59px}<\/style><h2 class=\"elementor-heading-title elementor-size-default\">SKYWALLS ACADEMY<\/h2>\t\t<\/div>\n\t\t\t\t<\/div>\n\t\t\t\t\t<\/div>\n\t\t<\/div>\n\t\t\t\t\t<\/div>\n\t\t<\/section>\n\t\t\t\t<section class=\"elementor-section elementor-top-section elementor-element elementor-element-3aabff3 elementor-section-boxed elementor-section-height-default elementor-section-height-default\" data-id=\"3aabff3\" data-element_type=\"section\">\n\t\t\t\t\t\t<div class=\"elementor-container elementor-column-gap-default\">\n\t\t\t\t\t<div class=\"elementor-column elementor-col-66 elementor-top-column elementor-element elementor-element-1018d1e\" data-id=\"1018d1e\" data-element_type=\"column\">\n\t\t\t<div class=\"elementor-widget-wrap elementor-element-populated\">\n\t\t\t\t\t\t<div class=\"elementor-element elementor-element-996de16 elementor-widget elementor-widget-text-editor\" data-id=\"996de16\" data-element_type=\"widget\" data-widget_type=\"text-editor.default\">\n\t\t\t\t<div class=\"elementor-widget-container\">\n\t\t\t<style>\/*! elementor - v3.23.0 - 05-08-2024 *\/\n.elementor-widget-text-editor.elementor-drop-cap-view-stacked .elementor-drop-cap{background-color:#69727d;color:#fff}.elementor-widget-text-editor.elementor-drop-cap-view-framed .elementor-drop-cap{color:#69727d;border:3px solid;background-color:transparent}.elementor-widget-text-editor:not(.elementor-drop-cap-view-default) .elementor-drop-cap{margin-top:8px}.elementor-widget-text-editor:not(.elementor-drop-cap-view-default) .elementor-drop-cap-letter{width:1em;height:1em}.elementor-widget-text-editor .elementor-drop-cap{float:left;text-align:center;line-height:1;font-size:50px}.elementor-widget-text-editor .elementor-drop-cap-letter{display:inline-block}<\/style>\t\t\t\t<div class=\"row presta-container\"><h4 class=\"col-md-6 presta-message not-border-left \" style=\"padding-left: 120px; text-align: left;\"><\/h4><\/div><div class=\"row presta-container\"><h3 style=\"text-align: center;\"><strong>Vacances Scolaires<\/strong><\/h3><h3 style=\"text-align: center;\"><em><strong>Profitez de 1 semaine au sommet !<\/strong><\/em><\/h3><ul style=\"text-align: left;\"><li>De 6 ans \u00e0 14 ans.<\/li><li>Stage semaine du lundi au vendredi de 9h30 \u00e0 12h30.<\/li><li>Escalade, accrobranche et plusieurs autres th\u00e8mes d&rsquo;activit\u00e9s Fun et Ludiques.\u00a0<\/li><li>Petit d\u00e9jeuner inclus<\/li><li>Encadrement par un moniteur avec une carte professionnelle\u00a0<\/li><\/ul><\/div>\t\t\t\t\t\t<\/div>\n\t\t\t\t<\/div>\n\t\t\t\t\t<\/div>\n\t\t<\/div>\n\t\t\t\t<div class=\"elementor-column elementor-col-33 elementor-top-column elementor-element elementor-element-bbe3fa4\" data-id=\"bbe3fa4\" data-element_type=\"column\">\n\t\t\t<div class=\"elementor-widget-wrap elementor-element-populated\">\n\t\t\t\t\t\t<div class=\"elementor-element elementor-element-3af570e elementor-widget elementor-widget-image\" data-id=\"3af570e\" data-element_type=\"widget\" data-widget_type=\"image.default\">\n\t\t\t\t<div class=\"elementor-widget-container\">\n\t\t\t<style>\/*! elementor - v3.23.0 - 05-08-2024 *\/\n.elementor-widget-image{text-align:center}.elementor-widget-image a{display:inline-block}.elementor-widget-image a img[src$=\".svg\"]{width:48px}.elementor-widget-image img{vertical-align:middle;display:inline-block}<\/style>\t\t\t\t\t\t\t\t\t\t<img fetchpriority=\"high\" decoding=\"async\" width=\"750\" height=\"1000\" src=\"https:\/\/i0.wp.com\/skywalls.fr\/wp-content\/uploads\/2024\/08\/image0-17.jpeg?fit=750%2C1000&amp;ssl=1\" class=\"attachment-large size-large wp-image-1497\" alt=\"\" srcset=\"https:\/\/i0.wp.com\/skywalls.fr\/wp-content\/uploads\/2024\/08\/image0-17.jpeg?w=1536&amp;ssl=1 1536w, https:\/\/i0.wp.com\/skywalls.fr\/wp-content\/uploads\/2024\/08\/image0-17.jpeg?resize=225%2C300&amp;ssl=1 225w, https:\/\/i0.wp.com\/skywalls.fr\/wp-content\/uploads\/2024\/08\/image0-17.jpeg?resize=768%2C1024&amp;ssl=1 768w, https:\/\/i0.wp.com\/skywalls.fr\/wp-content\/uploads\/2024\/08\/image0-17.jpeg?resize=1152%2C1536&amp;ssl=1 1152w, https:\/\/i0.wp.com\/skywalls.fr\/wp-content\/uploads\/2024\/08\/image0-17.jpeg?resize=600%2C800&amp;ssl=1 600w\" sizes=\"(max-width: 750px) 100vw, 750px\" \/>\t\t\t\t\t\t\t\t\t\t\t\t\t<\/div>\n\t\t\t\t<\/div>\n\t\t\t\t\t<\/div>\n\t\t<\/div>\n\t\t\t\t\t<\/div>\n\t\t<\/section>\n\t\t\t\t<\/div>\n\t\t","protected":false},"excerpt":{"rendered":"<p>SKYWALLS ACADEMY Vacances Scolaires Profitez de 1 semaine au sommet ! De 6 ans \u00e0 14 ans. Stage semaine du lundi au vendredi de 9h30 \u00e0 12h30. Escalade, accrobranche et plusieurs autres th\u00e8mes d&rsquo;activit\u00e9s Fun et Ludiques.\u00a0 Petit d\u00e9jeuner inclus Encadrement par un moniteur avec une carte professionnelle\u00a0<\/p>\n","protected":false},"author":1,"featured_media":0,"parent":0,"menu_order":0,"comment_status":"closed","ping_status":"closed","template":"page-templates\/template-pagebuilder-full-width.php","meta":{"_themeisle_gutenberg_block_has_review":false},"aioseo_notices":[],"jetpack_sharing_enabled":true,"_links":{"self":[{"href":"https:\/\/skywalls.fr\/index.php\/wp-json\/wp\/v2\/pages\/141"}],"collection":[{"href":"https:\/\/skywalls.fr\/index.php\/wp-json\/wp\/v2\/pages"}],"about":[{"href":"https:\/\/skywalls.fr\/index.php\/wp-json\/wp\/v2\/types\/page"}],"author":[{"embeddable":true,"href":"https:\/\/skywalls.fr\/index.php\/wp-json\/wp\/v2\/users\/1"}],"replies":[{"embeddable":true,"href":"https:\/\/skywalls.fr\/index.php\/wp-json\/wp\/v2\/comments?post=141"}],"version-history":[{"count":65,"href":"https:\/\/skywalls.fr\/index.php\/wp-json\/wp\/v2\/pages\/141\/revisions"}],"predecessor-version":[{"id":2355,"href":"https:\/\/skywalls.fr\/index.php\/wp-json\/wp\/v2\/pages\/141\/revisions\/2355"}],"wp:attachment":[{"href":"https:\/\/skywalls.fr\/index.php\/wp-json\/wp\/v2\/media?parent=141"}],"curies":[{"name":"wp","href":"https:\/\/api.w.org\/{rel}","templated":true}]}}